{"id":3,"date":"2022-06-13T21:21:23","date_gmt":"2022-06-13T21:21:23","guid":{"rendered":"https:\/\/primerofumigaciones.com.mx\/?page_id=3"},"modified":"2022-11-16T04:10:27","modified_gmt":"2022-11-16T04:10:27","slug":"privacy-policy","status":"publish","type":"page","link":"https:\/\/primerofumigaciones.com.mx\/index.php\/privacy-policy\/","title":{"rendered":"AVISO DE PRIVACIDAD"},"content":{"rendered":"\n<p>De acuerdo a lo Previsto en la \u201cLey Federal de Protecci\u00f3n de Datos Personales\u201d, declara PRIMERO<br>FUMIGACIONES., ser una empresa legalmente constituida de conformidad con las leyes mexicanas,<br>con domicilio en Avenida Paseo de los Leones #672, Colonia Cumbres 1er Sector, Monterrey, Nuevo<br>Le\u00f3n, M\u00e9xico.; y como responsable del tratamiento de sus datos personales, hace de su<br>conocimiento que la informaci\u00f3n de nuestros clientes es tratada de forma estrictamente confidencial<br>por lo que al proporcionar sus datos personales, tales como:<\/p>\n\n\n\n<ol class=\"wp-block-list\">\n<li>Nombre Completo.<\/li>\n\n\n\n<li>Tel\u00e9fono M\u00f3vil<\/li>\n\n\n\n<li>Correo Electr\u00f3nico.<br>Estos ser\u00e1n utilizados \u00fanica y exclusivamente para los siguientes fines:<\/li>\n\n\n\n<li>Informaci\u00f3n y Prestaci\u00f3n de Servicios.<\/li>\n\n\n\n<li>Actualizaci\u00f3n de la Base de Datos.<\/li>\n\n\n\n<li>Cualquier finalidad an\u00e1loga o compatible con las anteriores.<br>Para prevenir el acceso no autorizado a sus datos personales y con el fin de asegurar que la<br>informaci\u00f3n sea utilizada para los fines establecidos en este aviso de privacidad, hemos establecido<br>diversos procedimientos con la finalidad de evitar el uso o divulgaci\u00f3n no autorizados de sus datos,<br>permiti\u00e9ndonos tratarlos debidamente.<br>As\u00ed mismo, le informamos que sus datos personales pueden ser Transmitidos para ser tratados por<br>personas distintas a esta empresa.<br>Todos sus datos personales son tratados de acuerdo a la legislaci\u00f3n aplicable y vigente en el pa\u00eds,<br>por ello le informamos que usted tiene en todo momento los derechos (ARCO) de acceder, rectificar,<br>cancelar u oponerse al tratamiento que le damos a sus datos personales; derecho que podr\u00e1 hacer<br>valer a trav\u00e9s del \u00c1rea de Privacidad encargada de la seguridad de datos personales en el Tel\u00e9fono<br>(81) 8601-7740, o por medio de su correo electr\u00f3nico: Primerofumigaciones@gmail.com<br>A trav\u00e9s de estos canales usted podr\u00e1 actualizar sus datos y especificar el medio por el cual desea<br>recibir informaci\u00f3n, ya que en caso de no contar con esta especificaci\u00f3n de su parte, Primero<br>Fumigaciones, establecer\u00e1 libremente el canal que considere pertinente para enviarle informaci\u00f3n.<br>Este aviso de privacidad podr\u00e1 ser modificado por Primero Fumigaciones., dichas modificaciones<br>ser\u00e1n oportunamente informadas a trav\u00e9s de correo electr\u00f3nico, tel\u00e9fono, o cualquier otro medio de<br>comunicaci\u00f3n que Primero Fumigaciones determine para tal efecto.<\/li>\n<\/ol>\n\n\n\n<p><\/p>\n\n\n\n<figure class=\"wp-block-image size-full\"><img loading=\"lazy\" decoding=\"async\" width=\"581\" height=\"233\" src=\"https:\/\/primerofumigaciones.com.mx\/wp-content\/uploads\/2022\/06\/logo.png\" alt=\"\" class=\"wp-image-14224\" srcset=\"https:\/\/primerofumigaciones.com.mx\/wp-content\/uploads\/2022\/06\/logo.png 581w, https:\/\/primerofumigaciones.com.mx\/wp-content\/uploads\/2022\/06\/logo-480x192.png 480w\" sizes=\"auto, (min-width: 0px) and (max-width: 480px) 480px, (min-width: 481px) 581px, 100vw\" \/><\/figure>\n","protected":false},"excerpt":{"rendered":"<p>De acuerdo a lo Previsto en la \u201cLey Federal de Protecci\u00f3n de Datos Personales\u201d, declara PRIMEROFUMIGACIONES., ser una empresa legalmente constituida de conformidad con las leyes mexicanas,con domicilio en Avenida Paseo de los Leones #672, Colonia Cumbres 1er Sector, Monterrey, NuevoLe\u00f3n, M\u00e9xico.; y como responsable del tratamiento de sus datos personales, hace de suconocimiento que [&hellip;]<\/p>\n","protected":false},"author":1,"featured_media":0,"parent":0,"menu_order":0,"comment_status":"closed","ping_status":"open","template":"","meta":{"_et_pb_use_builder":"","_et_pb_old_content":"","_et_gb_content_width":"1080","footnotes":""},"class_list":["post-3","page","type-page","status-publish","hentry"],"_links":{"self":[{"href":"https:\/\/primerofumigaciones.com.mx\/index.php\/wp-json\/wp\/v2\/pages\/3","targetHints":{"allow":["GET"]}}],"collection":[{"href":"https:\/\/primerofumigaciones.com.mx\/index.php\/wp-json\/wp\/v2\/pages"}],"about":[{"href":"https:\/\/primerofumigaciones.com.mx\/index.php\/wp-json\/wp\/v2\/types\/page"}],"author":[{"embeddable":true,"href":"https:\/\/primerofumigaciones.com.mx\/index.php\/wp-json\/wp\/v2\/users\/1"}],"replies":[{"embeddable":true,"href":"https:\/\/primerofumigaciones.com.mx\/index.php\/wp-json\/wp\/v2\/comments?post=3"}],"version-history":[{"count":1,"href":"https:\/\/primerofumigaciones.com.mx\/index.php\/wp-json\/wp\/v2\/pages\/3\/revisions"}],"predecessor-version":[{"id":14272,"href":"https:\/\/primerofumigaciones.com.mx\/index.php\/wp-json\/wp\/v2\/pages\/3\/revisions\/14272"}],"wp:attachment":[{"href":"https:\/\/primerofumigaciones.com.mx\/index.php\/wp-json\/wp\/v2\/media?parent=3"}],"curies":[{"name":"wp","href":"https:\/\/api.w.org\/{rel}","templated":true}]}}